{"id":28,"date":"2010-10-11T08:33:20","date_gmt":"2010-10-11T06:33:20","guid":{"rendered":"http:\/\/www.leioasbt.com\/?page_id=28"},"modified":"2014-11-09T13:18:16","modified_gmt":"2014-11-09T11:18:16","slug":"zuzendaritza","status":"publish","type":"page","link":"http:\/\/www.leioasbt.com\/?page_id=28","title":{"rendered":"Directiva"},"content":{"rendered":"<p><center><\/p>\n<table id=\"tablaDirectiva\">\n<tbody>\n<tr>\n<td colspan=\"2\"><img class=\"borde\" title=\"PRESIDENTE\" src=\"http:\/\/www.leioasbt.com\/wp-content\/uploads\/JUAN_RAMON_RODRIGUEZ.png\" alt=\"PRESIDENTE\" width=\"140\" \/><\/td>\n<\/tr>\n<tr>\n<td colspan=\"2\">PRESIDENTE<br \/>\n<strong>Juan Ram\u00f3n Rodr\u00edguez Cueto<\/strong><\/td>\n<\/tr>\n<tr>\n<td colspan=\"2\"><\/td>\n<\/tr>\n<tr>\n<td width=\"260px;\"><img title=\"VOCAL\" src=\"http:\/\/www.leioasbt.com\/wp-content\/uploads\/IGOR_URRETA.png\" alt=\"VOCAL\" width=\"140\" \/><\/td>\n<td><img title=\"VOCAL\" src=\"http:\/\/www.leioasbt.com\/wp-content\/uploads\/JESUS_GOMEZ.png\" alt=\"VOCAL\" width=\"140\" \/><\/td>\n<\/tr>\n<tr>\n<td>VOCAL<br \/>\n<strong>Igor Urreta G\u00f3mez<\/strong><\/td>\n<td>VOCAL<br \/>\n<strong>Jes\u00fas G\u00f3mez L\u00f3pez<\/strong><\/td>\n<\/tr>\n<tr>\n<td><img title=\"VOCAL\" src=\"http:\/\/www.leioasbt.com\/wp-content\/uploads\/EIDER_ELKOROARISTIZABAL.png\" alt=\"VOCAL\" width=\"140\" \/><\/td>\n<td><img title=\"VOCAL\" src=\"http:\/\/www.leioasbt.com\/wp-content\/uploads\/JUAN_GALLEGO.png\" alt=\"VOCAL\" width=\"140\" \/><\/td>\n<\/tr>\n<tr>\n<td>VOCAL<br \/>\n<strong>Eider Elkoroaristizabal Alboniga<\/strong><\/td>\n<td>VOCAL<br \/>\n<strong> Juan Manuel Gallego Mejuto<\/strong><\/td>\n<\/tr>\n<tr>\n<td><\/td>\n<\/tr>\n<tr>\n<td>VOCAL<br \/>\n<strong>Mikel Elortegi<\/strong><\/td>\n<td>VOCAL<br \/>\n<strong>Jokin Rodriguez<\/strong><\/td>\n<\/tr>\n<tr>\n<td colspan=\"2\"><\/td>\n<\/tr>\n<tr>\n<td width=\"260px;\"><\/td>\n<td><\/td>\n<\/tr>\n<tr>\n<td>VOCAL<br \/>\n<strong>Javier Salazar<\/strong><\/td>\n<td>VOCAL<br \/>\n<strong>Irene Garc\u00e9s<\/strong><\/td>\n<\/tr>\n<tr>\n<td colspan=\"2\"><\/td>\n<\/tr>\n<tr>\n<td width=\"260px;\"><\/td>\n<td><\/td>\n<\/tr>\n<tr>\n<td>VOCAL<br \/>\n<strong>Lorea Sagarduy<\/strong><\/td>\n<td>VOCAL<br \/>\n<strong>Miguel Martinez<\/strong><\/td>\n<\/tr>\n<\/tbody>\n<\/table>\n<p><\/center><\/p>\n","protected":false},"excerpt":{"rendered":"<p>PRESIDENTE Juan Ram\u00f3n Rodr\u00edguez Cueto VOCAL Igor Urreta G\u00f3mez VOCAL Jes\u00fas G\u00f3mez L\u00f3pez VOCAL Eider Elkoroaristizabal Alboniga VOCAL Juan Manuel Gallego Mejuto VOCAL Mikel Elortegi VOCAL Jokin Rodriguez VOCAL Javier Salazar VOCAL Irene Garc\u00e9s VOCAL Lorea Sagarduy VOCAL Miguel Martinez<\/p>\n","protected":false},"author":2,"featured_media":0,"parent":24,"menu_order":1,"comment_status":"closed","ping_status":"closed","template":"","meta":{"ngg_post_thumbnail":0},"_links":{"self":[{"href":"http:\/\/www.leioasbt.com\/index.php?rest_route=\/wp\/v2\/pages\/28"}],"collection":[{"href":"http:\/\/www.leioasbt.com\/index.php?rest_route=\/wp\/v2\/pages"}],"about":[{"href":"http:\/\/www.leioasbt.com\/index.php?rest_route=\/wp\/v2\/types\/page"}],"author":[{"embeddable":true,"href":"http:\/\/www.leioasbt.com\/index.php?rest_route=\/wp\/v2\/users\/2"}],"replies":[{"embeddable":true,"href":"http:\/\/www.leioasbt.com\/index.php?rest_route=%2Fwp%2Fv2%2Fcomments&post=28"}],"version-history":[{"count":68,"href":"http:\/\/www.leioasbt.com\/index.php?rest_route=\/wp\/v2\/pages\/28\/revisions"}],"predecessor-version":[{"id":11068,"href":"http:\/\/www.leioasbt.com\/index.php?rest_route=\/wp\/v2\/pages\/28\/revisions\/11068"}],"up":[{"embeddable":true,"href":"http:\/\/www.leioasbt.com\/index.php?rest_route=\/wp\/v2\/pages\/24"}],"wp:attachment":[{"href":"http:\/\/www.leioasbt.com\/index.php?rest_route=%2Fwp%2Fv2%2Fmedia&parent=28"}],"curies":[{"name":"wp","href":"https:\/\/api.w.org\/{rel}","templated":true}]}}