{"id":6748,"date":"2012-09-18T09:31:37","date_gmt":"2012-09-18T07:31:37","guid":{"rendered":"http:\/\/www.leioasbt.com\/?page_id=6748"},"modified":"2012-09-24T22:46:17","modified_gmt":"2012-09-24T20:46:17","slug":"escolares-2011-2012","status":"publish","type":"page","link":"http:\/\/www.leioasbt.com\/?page_id=6748","title":{"rendered":"Escolares 2011-2012"},"content":{"rendered":"<h4><center><b>INFANTIL MASCULINO LEIOA IRLANDESAS<\/center><\/b><\/h4>\n            \n\t\t<div class=\"ngg-gallery-singlepic-image \" style=\"max-width: 516px\">\n\t\t\t    \t<a href=\"http:\/\/www.leioasbt.com\/wp-content\/argazkiak\/temporada2011-2012\/infantil_masculino_leioa_irlandesas.jpg\"\n\t\t     title=\"\"\n             data-src=\"http:\/\/www.leioasbt.com\/wp-content\/argazkiak\/temporada2011-2012\/infantil_masculino_leioa_irlandesas.jpg\"\n             data-thumbnail=\"http:\/\/www.leioasbt.com\/wp-content\/argazkiak\/temporada2011-2012\/thumbs\/thumbs_infantil_masculino_leioa_irlandesas.jpg\"\n             data-image-id=\"398\"\n             data-title=\"INFANTIL MASCULINO LEIOA IRLANDESAS\"\n             data-description=\"\"\n             target='_self'\n             class=\"shutterset_03b850b8b680de150760a2dc3ffed27f\">\n            <img class=\"ngg-singlepic\"\n             src=\"http:\/\/www.leioasbt.com\/wp-content\/argazkiak\/temporada2011-2012\/cache\/infantil_masculino_leioa_irlandesas.jpg-nggid03398-ngg0dyn-516x0x100-00f0w010c010r110f110r010t010.jpg\"\n             alt=\"INFANTIL MASCULINO LEIOA IRLANDESAS\"\n             title=\"INFANTIL MASCULINO LEIOA IRLANDESAS\"\n              width=\"516\"               \/>\n    \t<\/a>\n\t\t      <\/div>\n        \n<table id=\"tablaPlantilla\">\n<thead>\n<tr>\n<td width=\"50px;\"><\/td>\n<td><\/td>\n<td width=\"50px;\"><\/td>\n<td><\/td>\n<\/tr>\n<\/thead>\n<tbody>\n<tr>\n<td style=\"text-align: right;\">4<\/td>\n<td>GORKA ATXALANDABASO<\/td>\n<td style=\"text-align: right;\">10<\/td>\n<td>ASIER V\u00c1ZQUEZ<\/td>\n<\/tr>\n<tr>\n<td style=\"text-align: right;\">5<\/td>\n<td>ASIER HUEBRA<\/td>\n<td style=\"text-align: right;\">12<\/td>\n<td>OSOITZ MART\u00cdNEZ<\/td>\n<\/tr>\n<tr>\n<td style=\"text-align: right;\">6<\/td>\n<td>IVAN IGLESIAS<\/td>\n<td style=\"text-align: right;\">13<\/td>\n<td>ASIER CANCELO<\/td>\n<\/tr>\n<tr>\n<td style=\"text-align: right;\">7<\/td>\n<td>ENEKO PEREZ<\/td>\n<td style=\"text-align: right;\">14<\/td>\n<td>IKER MATA<\/td>\n<\/tr>\n<tr>\n<td style=\"text-align: right;\">9<\/td>\n<td>ANDONI MENDEZ<\/td>\n<td style=\"text-align: right;\">15<\/td>\n<td>ASIER COSTA<\/td>\n<\/tr>\n<tr>\n<td colspan=\"4\"><\/td>\n<\/tr>\n<tr>\n<td style=\"text-align: right;\">E<\/td>\n<td colspan=\"3\">JES\u00daS G\u00d3MEZ<\/td>\n<\/tr>\n<\/tbody>\n<\/table>\n<p><\/p>\n<h4><center><b>PREINFANTIL MASCULINO LEIOA SBT<\/center><\/b><\/h4>\n            \n\t\t<div class=\"ngg-gallery-singlepic-image \" style=\"max-width: 516px\">\n\t\t\t    \t<a href=\"http:\/\/www.leioasbt.com\/wp-content\/argazkiak\/temporada2011-2012\/preinfantil_masculino_leioasbt.jpg\"\n\t\t     title=\"\"\n             data-src=\"http:\/\/www.leioasbt.com\/wp-content\/argazkiak\/temporada2011-2012\/preinfantil_masculino_leioasbt.jpg\"\n             data-thumbnail=\"http:\/\/www.leioasbt.com\/wp-content\/argazkiak\/temporada2011-2012\/thumbs\/thumbs_preinfantil_masculino_leioasbt.jpg\"\n             data-image-id=\"408\"\n             data-title=\"PREINFANTIL MASCULINO\"\n             data-description=\"\"\n             target='_self'\n             class=\"shutterset_923b87821e9692a6d31b92a81b7e8fc6\">\n            <img class=\"ngg-singlepic\"\n             src=\"http:\/\/www.leioasbt.com\/wp-content\/argazkiak\/temporada2011-2012\/cache\/preinfantil_masculino_leioasbt.jpg-nggid03408-ngg0dyn-516x0x100-00f0w010c010r110f110r010t010.jpg\"\n             alt=\"PREINFANTIL MASCULINO\"\n             title=\"PREINFANTIL MASCULINO\"\n              width=\"516\"               \/>\n    \t<\/a>\n\t\t      <\/div>\n        \n<table id=\"tablaPlantilla\">\n<thead>\n<tr>\n<td width=\"50px;\"><\/td>\n<td><\/td>\n<td width=\"50px;\"><\/td>\n<td><\/td>\n<\/tr>\n<\/thead>\n<tbody>\n<tr>\n<td style=\"text-align: right;\">4<\/td>\n<td>GAIZKA GARCIA<\/td>\n<td style=\"text-align: right;\">13<\/td>\n<td>ARITZA MORENO<\/td>\n<\/tr>\n<tr>\n<td style=\"text-align: right;\">7<\/td>\n<td>ASIER FUENTES<\/td>\n<td style=\"text-align: right;\">14<\/td>\n<td>MIKEL ALDA<\/td>\n<\/tr>\n<tr>\n<td style=\"text-align: right;\">8<\/td>\n<td>ENEKO ARRINDA<\/td>\n<td style=\"text-align: right;\">15<\/td>\n<td>DIEGO BARRENA<\/td>\n<\/tr>\n<tr>\n<td style=\"text-align: right;\">9<\/td>\n<td>ALEX L\u00d3PEZ<\/td>\n<td style=\"text-align: right;\">16<\/td>\n<td>ASIER LANZA<\/td>\n<\/tr>\n<tr>\n<td style=\"text-align: right;\">10<\/td>\n<td>JAVI D\u00cdEZ<\/td>\n<td style=\"text-align: right;\">17<\/td>\n<td>ALVARO CUBILLO<\/td>\n<\/tr>\n<tr>\n<td style=\"text-align: right;\">11<\/td>\n<td>OIER FERN\u00c1NDEZ<\/td>\n<td style=\"text-align: right;\">18<\/td>\n<td>LANDER MARCOS<\/td>\n<\/tr>\n<tr>\n<td style=\"text-align: right;\">12<\/td>\n<td>JON SAINZ<\/td>\n<td style=\"text-align: right;\">&nbsp;<\/td>\n<td>&nbsp;<\/td>\n<\/tr>\n<tr>\n<td colspan=\"4\">&nbsp;<\/td>\n<\/tr>\n<tr>\n<td style=\"text-align: right;\">E<\/td>\n<td colspan=\"3\">CARMELO ECHEVARR\u00cdA<\/td>\n<\/tr>\n<tr>\n<td style=\"text-align: right;\">E<\/td>\n<td colspan=\"3\">I\u00d1AKI D\u00cdEZ<\/td>\n<\/tr>\n<\/tbody>\n<\/table>\n<p><\/p>\n<h4><center><b>MINI MIXTO BETIKO IKASTOLA<\/center><\/b><\/h4>\n            \n\t\t<div class=\"ngg-gallery-singlepic-image \" style=\"max-width: 516px\">\n\t\t\t    \t<a href=\"http:\/\/www.leioasbt.com\/wp-content\/argazkiak\/temporada2011-2012\/mini_mixto_betiko_ikastola.jpg\"\n\t\t     title=\"\"\n             data-src=\"http:\/\/www.leioasbt.com\/wp-content\/argazkiak\/temporada2011-2012\/mini_mixto_betiko_ikastola.jpg\"\n             data-thumbnail=\"http:\/\/www.leioasbt.com\/wp-content\/argazkiak\/temporada2011-2012\/thumbs\/thumbs_mini_mixto_betiko_ikastola.jpg\"\n             data-image-id=\"405\"\n             data-title=\"MINI MIXTO BETIKO IKASTOLA\"\n             data-description=\"\"\n             target='_self'\n             class=\"shutterset_0dac7689366401831561b578f56e23dd\">\n            <img class=\"ngg-singlepic\"\n             src=\"http:\/\/www.leioasbt.com\/wp-content\/argazkiak\/temporada2011-2012\/cache\/mini_mixto_betiko_ikastola.jpg-nggid03405-ngg0dyn-516x0x100-00f0w010c010r110f110r010t010.jpg\"\n             alt=\"MINI MIXTO BETIKO IKASTOLA\"\n             title=\"MINI MIXTO BETIKO IKASTOLA\"\n              width=\"516\"               \/>\n    \t<\/a>\n\t\t      <\/div>\n        \n<table id=\"tablaPlantilla\">\n<thead>\n<tr>\n<td width=\"50px;\"><\/td>\n<td><\/td>\n<td width=\"50px;\"><\/td>\n<td><\/td>\n<\/tr>\n<\/thead>\n<tbody>\n<tr>\n<td style=\"text-align: right;\">4<\/td>\n<td>AMAIUR LOZANO<\/td>\n<td style=\"text-align: right;\">12<\/td>\n<td>INGE OLABARRIETA<\/td>\n<\/tr>\n<tr>\n<td style=\"text-align: right;\">5<\/td>\n<td>MIKEL SEOANE<\/td>\n<td style=\"text-align: right;\">13<\/td>\n<td>EDER PALOMA<\/td>\n<\/tr>\n<tr>\n<td style=\"text-align: right;\">6<\/td>\n<td>OIHANE GARC\u00cdA<\/td>\n<td style=\"text-align: right;\">14<\/td>\n<td>NAROA BELTRAN<\/td>\n<\/tr>\n<tr>\n<td style=\"text-align: right;\">7<\/td>\n<td>UNAI S\u00c1NCHEZ<\/td>\n<td style=\"text-align: right;\">15<\/td>\n<td>GAIZKA VICENTE<\/td>\n<\/tr>\n<tr>\n<td style=\"text-align: right;\">8<\/td>\n<td>SERGIO GONZ\u00c1LEZ<\/td>\n<td style=\"text-align: right;\">18<\/td>\n<td>NAROA GURAYA<\/td>\n<\/tr>\n<tr>\n<td style=\"text-align: right;\">9<\/td>\n<td>ARATZ GONZ\u00c1LEZ<\/td>\n<td style=\"text-align: right;\">19<\/td>\n<td>IRATI PRADO<\/td>\n<\/tr>\n<tr>\n<td style=\"text-align: right;\">10<\/td>\n<td>GARAZI DE DIEGO<\/td>\n<td style=\"text-align: right;\"><\/td>\n<td><\/td>\n<\/tr>\n<tr>\n<td colspan=\"4\"><\/td>\n<\/tr>\n<tr>\n<td style=\"text-align: right;\">E<\/td>\n<td colspan=\"3\">ARITZ TELLITU<\/td>\n<\/tr>\n<tr>\n<td style=\"text-align: right;\">E<\/td>\n<td colspan=\"3\">KOLDO TELLITU<\/td>\n<\/tr>\n<\/tbody>\n<\/table>\n<p><\/p>\n<h4><center><b>MINI MIXTO SAN BARTOLOM\u00c9<\/center><\/b><\/h4>\n<p>            \n\t\t<div class=\"ngg-gallery-singlepic-image \" style=\"max-width: 516px\">\n\t\t\t    \t<a href=\"http:\/\/www.leioasbt.com\/wp-content\/argazkiak\/temporada2011-2012\/mini_mixto_sanbar.jpg\"\n\t\t     title=\"\"\n             data-src=\"http:\/\/www.leioasbt.com\/wp-content\/argazkiak\/temporada2011-2012\/mini_mixto_sanbar.jpg\"\n             data-thumbnail=\"http:\/\/www.leioasbt.com\/wp-content\/argazkiak\/temporada2011-2012\/thumbs\/thumbs_mini_mixto_sanbar.jpg\"\n             data-image-id=\"406\"\n             data-title=\"MINI MIXTO SANBAR\"\n             data-description=\"\"\n             target='_self'\n             class=\"shutterset_a98f269f6b84e141c26460ac02f421b6\">\n            <img class=\"ngg-singlepic\"\n             src=\"http:\/\/www.leioasbt.com\/wp-content\/argazkiak\/temporada2011-2012\/cache\/mini_mixto_sanbar.jpg-nggid03406-ngg0dyn-516x0x100-00f0w010c010r110f110r010t010.jpg\"\n             alt=\"MINI MIXTO SANBAR\"\n             title=\"MINI MIXTO SANBAR\"\n              width=\"516\"               \/>\n    \t<\/a>\n\t\t      <\/div>\n        <br \/>\n<\/p>\n<h4><center><b>MINI MIXTO TXOMIN ARESTI<\/center><\/b><\/h4>\n            \n\t\t<div class=\"ngg-gallery-singlepic-image \" style=\"max-width: 516px\">\n\t\t\t    \t<a href=\"http:\/\/www.leioasbt.com\/wp-content\/argazkiak\/temporada2011-2012\/mini_mixto_txomin.jpg\"\n\t\t     title=\"\"\n             data-src=\"http:\/\/www.leioasbt.com\/wp-content\/argazkiak\/temporada2011-2012\/mini_mixto_txomin.jpg\"\n             data-thumbnail=\"http:\/\/www.leioasbt.com\/wp-content\/argazkiak\/temporada2011-2012\/thumbs\/thumbs_mini_mixto_txomin.jpg\"\n             data-image-id=\"407\"\n             data-title=\"MINI MITXO TXOMIN\"\n             data-description=\"\"\n             target='_self'\n             class=\"shutterset_c8880b7328df12d289b77bb8b354db81\">\n            <img class=\"ngg-singlepic\"\n             src=\"http:\/\/www.leioasbt.com\/wp-content\/argazkiak\/temporada2011-2012\/cache\/mini_mixto_txomin.jpg-nggid03407-ngg0dyn-516x0x100-00f0w010c010r110f110r010t010.jpg\"\n             alt=\"MINI MITXO TXOMIN\"\n             title=\"MINI MITXO TXOMIN\"\n              width=\"516\"               \/>\n    \t<\/a>\n\t\t      <\/div>\n        \n<table id=\"tablaPlantilla\">\n<thead>\n<tr>\n<td width=\"50px;\"><\/td>\n<td><\/td>\n<td width=\"50px;\"><\/td>\n<td><\/td>\n<\/tr>\n<\/thead>\n<tbody>\n<tr>\n<td style=\"text-align: right;\">5<\/td>\n<td>KERMAN IRATZARGO<\/td>\n<td style=\"text-align: right;\">19<\/td>\n<td>PERU SANTOS<\/td>\n<\/tr>\n<tr>\n<td style=\"text-align: right;\">6<\/td>\n<td>ARIOT MART\u00cdNEZ<\/td>\n<td style=\"text-align: right;\">20<\/td>\n<td>ALVARO CARDERO<\/td>\n<\/tr>\n<tr>\n<td style=\"text-align: right;\">7<\/td>\n<td>ASIER NAVARRO<\/td>\n<td style=\"text-align: right;\">21<\/td>\n<td>PAULA GARC\u00cdA<\/td>\n<\/tr>\n<tr>\n<td style=\"text-align: right;\">10<\/td>\n<td>DOUGLAS AVILES<\/td>\n<td style=\"text-align: right;\">22<\/td>\n<td>MOISES JUSTINIANO<\/td>\n<\/tr>\n<tr>\n<td style=\"text-align: right;\">11<\/td>\n<td>ANDER G\u00d3MEZ<\/td>\n<td style=\"text-align: right;\">27<\/td>\n<td>GARAZI P\u00c9REZ<\/td>\n<\/tr>\n<tr>\n<td style=\"text-align: right;\">14<\/td>\n<td>XABIER RUBIO<\/td>\n<td style=\"text-align: right;\">28<\/td>\n<td>JANIRE MURILLO<\/td>\n<\/tr>\n<tr>\n<td style=\"text-align: right;\">16<\/td>\n<td>PEDRO MOREIRA<\/td>\n<td style=\"text-align: right;\">28<\/td>\n<td>GORKA PANIAGUA<\/td>\n<\/tr>\n<tr>\n<td style=\"text-align: right;\">18<\/td>\n<td>JUAN ESTEBAN<\/td>\n<td style=\"text-align: right;\">30<\/td>\n<td>OIER ORTIZ<\/td>\n<\/tr>\n<tr>\n<td colspan=\"4\">&nbsp;<\/td>\n<\/tr>\n<tr>\n<td style=\"text-align: right;\">E<\/td>\n<td colspan=\"3\">SANTIAGO PIEDRABUENA<\/td>\n<\/tr>\n<\/tbody>\n<\/table>\n<p><\/p>\n<h4><center><b>PREMINI MIXTO SAN BARTOLOM\u00c9<\/center><\/b><\/h4>\n            \n\t\t<div class=\"ngg-gallery-singlepic-image \" style=\"max-width: 516px\">\n\t\t\t    \t<a href=\"http:\/\/www.leioasbt.com\/wp-content\/argazkiak\/temporada2011-2012\/premini_mixto_sanbar.jpg\"\n\t\t     title=\"\"\n             data-src=\"http:\/\/www.leioasbt.com\/wp-content\/argazkiak\/temporada2011-2012\/premini_mixto_sanbar.jpg\"\n             data-thumbnail=\"http:\/\/www.leioasbt.com\/wp-content\/argazkiak\/temporada2011-2012\/thumbs\/thumbs_premini_mixto_sanbar.jpg\"\n             data-image-id=\"409\"\n             data-title=\"PREMINI MIXTO SANBAR\"\n             data-description=\"\"\n             target='_self'\n             class=\"shutterset_76e474f523502d6e305942a936a9ffc7\">\n            <img class=\"ngg-singlepic\"\n             src=\"http:\/\/www.leioasbt.com\/wp-content\/argazkiak\/temporada2011-2012\/cache\/premini_mixto_sanbar.jpg-nggid03409-ngg0dyn-516x0x100-00f0w010c010r110f110r010t010.jpg\"\n             alt=\"PREMINI MIXTO SANBAR\"\n             title=\"PREMINI MIXTO SANBAR\"\n              width=\"516\"               \/>\n    \t<\/a>\n\t\t      <\/div>\n        \n<table id=\"tablaPlantilla\">\n<thead>\n<tr>\n<td width=\"50px;\"><\/td>\n<td><\/td>\n<td width=\"50px;\"><\/td>\n<td><\/td>\n<\/tr>\n<\/thead>\n<tbody>\n<tr>\n<td style=\"text-align: right;\">5<\/td>\n<td>TXABER DE CASTRO<\/td>\n<td style=\"text-align: right;\">11<\/td>\n<td>TOMAS MART\u00cdNEZ<\/td>\n<\/tr>\n<tr>\n<td style=\"text-align: right;\">6<\/td>\n<td>ANDER BALLESTEROS<\/td>\n<td style=\"text-align: right;\">12<\/td>\n<td>ATSEGI\u00d1E SANTAMARIA<\/td>\n<\/tr>\n<tr>\n<td style=\"text-align: right;\">7<\/td>\n<td>UNAI ARCE<\/td>\n<td style=\"text-align: right;\">13<\/td>\n<td>IKER BALTZISKUETA<\/td>\n<\/tr>\n<tr>\n<td style=\"text-align: right;\">8<\/td>\n<td>IGNACIO FERN\u00c1NDEZ<\/td>\n<td style=\"text-align: right;\">14<\/td>\n<td>LUCIA ROM\u00c1N<\/td>\n<\/tr>\n<tr>\n<td style=\"text-align: right;\">9<\/td>\n<td>IRATI MORALES<\/td>\n<td style=\"text-align: right;\">15<\/td>\n<td>KEPA DE CASTRO<\/td>\n<\/tr>\n<tr>\n<td style=\"text-align: right;\">10<\/td>\n<td>IKER KORRALETXE<\/td>\n<td style=\"text-align: right;\">16<\/td>\n<td>ANE PELAEZ<\/td>\n<\/tr>\n<tr>\n<td colspan=\"4\">&nbsp;<\/td>\n<\/tr>\n<tr>\n<td style=\"text-align: right;\">E<\/td>\n<td colspan=\"3\">EGOITZ \u00c1LVAREZ<\/td>\n<\/tr>\n<\/tbody>\n<\/table>\n<p><\/p>\n<h4><center><b>PREMINI MIXTO TXOMIN ARESTI A<\/center><\/b><\/h4>\n            \n\t\t<div class=\"ngg-gallery-singlepic-image \" style=\"max-width: 516px\">\n\t\t\t    \t<a href=\"http:\/\/www.leioasbt.com\/wp-content\/argazkiak\/temporada2011-2012\/premini_mixto_txomina.jpg\"\n\t\t     title=\"\"\n             data-src=\"http:\/\/www.leioasbt.com\/wp-content\/argazkiak\/temporada2011-2012\/premini_mixto_txomina.jpg\"\n             data-thumbnail=\"http:\/\/www.leioasbt.com\/wp-content\/argazkiak\/temporada2011-2012\/thumbs\/thumbs_premini_mixto_txomina.jpg\"\n             data-image-id=\"410\"\n             data-title=\"PREMINI MIXTO TXOMIN A\"\n             data-description=\"\"\n             target='_self'\n             class=\"shutterset_3ac74f646a1d5b7e9be8ceedab48ae22\">\n            <img class=\"ngg-singlepic\"\n             src=\"http:\/\/www.leioasbt.com\/wp-content\/argazkiak\/temporada2011-2012\/cache\/premini_mixto_txomina.jpg-nggid03410-ngg0dyn-516x0x100-00f0w010c010r110f110r010t010.jpg\"\n             alt=\"PREMINI MIXTO TXOMIN A\"\n             title=\"PREMINI MIXTO TXOMIN A\"\n              width=\"516\"               \/>\n    \t<\/a>\n\t\t      <\/div>\n        \n<table id=\"tablaPlantilla\">\n<thead>\n<tr>\n<td width=\"50px;\"><\/td>\n<td><\/td>\n<td width=\"50px;\"><\/td>\n<td><\/td>\n<\/tr>\n<\/thead>\n<tbody>\n<tr>\n<td style=\"text-align: right;\">4<\/td>\n<td>GOIZANE GONZ\u00c1LEZ<\/td>\n<td style=\"text-align: right;\">15<\/td>\n<td>EIDER VALLEJO<\/td>\n<\/tr>\n<tr>\n<td style=\"text-align: right;\">6<\/td>\n<td>GARAZI GONZ\u00c1LEZ<\/td>\n<td style=\"text-align: right;\">17<\/td>\n<td>IKER CH\u00c1VARRI<\/td>\n<\/tr>\n<tr>\n<td style=\"text-align: right;\">7<\/td>\n<td>AINHOA ORNES<\/td>\n<td style=\"text-align: right;\">21<\/td>\n<td>XABIER ELGUEZABAL<\/td>\n<\/tr>\n<tr>\n<td style=\"text-align: right;\">11<\/td>\n<td>AIANE ARRANZ<\/td>\n<td style=\"text-align: right;\">23<\/td>\n<td>PABLO BARRE\u00d1A<\/td>\n<\/tr>\n<tr>\n<td style=\"text-align: right;\">12<\/td>\n<td>SERGIO CONTRERAS<\/td>\n<td style=\"text-align: right;\">24<\/td>\n<td>DAVID BARRE\u00d1A<\/td>\n<\/tr>\n<tr>\n<td colspan=\"4\">&nbsp;<\/td>\n<\/tr>\n<tr>\n<td style=\"text-align: right;\">E<\/td>\n<td colspan=\"3\">JAVIER SALAZAR<\/td>\n<\/tr>\n<\/tbody>\n<\/table>\n<p><\/p>\n<h4><center><b>PREMINI MIXTO TXOMIN ARESTI B<\/center><\/b><\/h4>\n            \n\t\t<div class=\"ngg-gallery-singlepic-image \" style=\"max-width: 516px\">\n\t\t\t    \t<a href=\"http:\/\/www.leioasbt.com\/wp-content\/argazkiak\/temporada2011-2012\/premini_mixto_txominb.jpg\"\n\t\t     title=\"\"\n             data-src=\"http:\/\/www.leioasbt.com\/wp-content\/argazkiak\/temporada2011-2012\/premini_mixto_txominb.jpg\"\n             data-thumbnail=\"http:\/\/www.leioasbt.com\/wp-content\/argazkiak\/temporada2011-2012\/thumbs\/thumbs_premini_mixto_txominb.jpg\"\n             data-image-id=\"411\"\n             data-title=\"PREMINI MIXTO TXOMIN B\"\n             data-description=\"\"\n             target='_self'\n             class=\"shutterset_aba1c1d5f2bb18cbf47fdc614e731b23\">\n            <img class=\"ngg-singlepic\"\n             src=\"http:\/\/www.leioasbt.com\/wp-content\/argazkiak\/temporada2011-2012\/cache\/premini_mixto_txominb.jpg-nggid03411-ngg0dyn-516x0x100-00f0w010c010r110f110r010t010.jpg\"\n             alt=\"PREMINI MIXTO TXOMIN B\"\n             title=\"PREMINI MIXTO TXOMIN B\"\n              width=\"516\"               \/>\n    \t<\/a>\n\t\t      <\/div>\n        \n<table id=\"tablaPlantilla\">\n<thead>\n<tr>\n<td width=\"50px;\"><\/td>\n<td><\/td>\n<td width=\"50px;\"><\/td>\n<td><\/td>\n<\/tr>\n<\/thead>\n<tbody>\n<tr>\n<td style=\"text-align: right;\">4<\/td>\n<td>IZAI ESCUDERO<\/td>\n<td style=\"text-align: right;\">19<\/td>\n<td>LEIRE V\u00c1ZQUEZ<\/td>\n<\/tr>\n<tr>\n<td style=\"text-align: right;\">8<\/td>\n<td>JOSU SAINZ<\/td>\n<td style=\"text-align: right;\">20<\/td>\n<td>GALDER IRATZARGORRIA<\/td>\n<\/tr>\n<tr>\n<td style=\"text-align: right;\">9<\/td>\n<td>AITOR PE\u00d1A<\/td>\n<td style=\"text-align: right;\">21<\/td>\n<td>MARKEL LAGUNILLA<\/td>\n<\/tr>\n<tr>\n<td style=\"text-align: right;\">13<\/td>\n<td>ABRAHAM QUISPE<\/td>\n<td style=\"text-align: right;\">22<\/td>\n<td>I\u00d1IGO LAKA<\/td>\n<\/tr>\n<tr>\n<td style=\"text-align: right;\">17<\/td>\n<td>AIMAR TREVI\u00d1O<\/td>\n<td style=\"text-align: right;\">34<\/td>\n<td>CLAUDIA URIZAR<\/td>\n<\/tr>\n<tr>\n<td style=\"text-align: right;\">18<\/td>\n<td>ENEKO G\u00d3MEZ<\/td>\n<td style=\"text-align: right;\">&#8211;<\/td>\n<td>LARA MOREIRA<\/td>\n<\/tr>\n<tr>\n<td colspan=\"4\">&nbsp;<\/td>\n<\/tr>\n<tr>\n<td style=\"text-align: right;\">E<\/td>\n<td colspan=\"3\">IKER SALAZAR<\/td>\n<\/tr>\n<\/tbody>\n<\/table>\n<p><\/p>\n<h4><center><b>GRUPOS INICIACI\u00d3N ARTAZA<\/center><\/b><\/h4>\n<p>            \n\t\t<div class=\"ngg-gallery-singlepic-image \" style=\"max-width: 516px\">\n\t\t\t    \t<a href=\"http:\/\/www.leioasbt.com\/wp-content\/argazkiak\/temporada2011-2012\/iniciacion_artaza.jpg\"\n\t\t     title=\"\"\n             data-src=\"http:\/\/www.leioasbt.com\/wp-content\/argazkiak\/temporada2011-2012\/iniciacion_artaza.jpg\"\n             data-thumbnail=\"http:\/\/www.leioasbt.com\/wp-content\/argazkiak\/temporada2011-2012\/thumbs\/thumbs_iniciacion_artaza.jpg\"\n             data-image-id=\"417\"\n             data-title=\"INICIACI\u00d3N ARTAZA\"\n             data-description=\"\"\n             target='_self'\n             class=\"shutterset_f2167d364b13e9f9b109a7571e410311\">\n            <img class=\"ngg-singlepic\"\n             src=\"http:\/\/www.leioasbt.com\/wp-content\/argazkiak\/temporada2011-2012\/cache\/iniciacion_artaza.jpg-nggid03417-ngg0dyn-516x0x100-00f0w010c010r110f110r010t010.jpg\"\n             alt=\"INICIACI\u00d3N ARTAZA\"\n             title=\"INICIACI\u00d3N ARTAZA\"\n              width=\"516\"               \/>\n    \t<\/a>\n\t\t      <\/div>\n        <br \/>\n<\/p>\n<h4><center><b>GRUPOS INICIACI\u00d3N SAN BARTOLOM\u00c9<\/center><\/b><\/h4>\n<p>            \n\t\t<div class=\"ngg-gallery-singlepic-image \" style=\"max-width: 516px\">\n\t\t\t    \t<a href=\"http:\/\/www.leioasbt.com\/wp-content\/argazkiak\/temporada2011-2012\/iniciacion_sanbar.jpg\"\n\t\t     title=\"\"\n             data-src=\"http:\/\/www.leioasbt.com\/wp-content\/argazkiak\/temporada2011-2012\/iniciacion_sanbar.jpg\"\n             data-thumbnail=\"http:\/\/www.leioasbt.com\/wp-content\/argazkiak\/temporada2011-2012\/thumbs\/thumbs_iniciacion_sanbar.jpg\"\n             data-image-id=\"399\"\n             data-title=\"INICIACI\u00d3N SANBAR\"\n             data-description=\"\"\n             target='_self'\n             class=\"shutterset_6719deb845cebdf89d3f0947a75a21c3\">\n            <img class=\"ngg-singlepic\"\n             src=\"http:\/\/www.leioasbt.com\/wp-content\/argazkiak\/temporada2011-2012\/cache\/iniciacion_sanbar.jpg-nggid03399-ngg0dyn-516x0x100-00f0w010c010r110f110r010t010.jpg\"\n             alt=\"INICIACI\u00d3N SANBAR\"\n             title=\"INICIACI\u00d3N SANBAR\"\n              width=\"516\"               \/>\n    \t<\/a>\n\t\t      <\/div>\n        <br \/>\n<\/p>\n<h4><center><b>GRUPOS INICIACI\u00d3N TXOMIN ARESTI<\/center><\/b><\/h4>\n<p>            \n\t\t<div class=\"ngg-gallery-singlepic-image \" style=\"max-width: 516px\">\n\t\t\t    \t<a href=\"http:\/\/www.leioasbt.com\/wp-content\/argazkiak\/temporada2011-2012\/iniciacion_txomin.jpg\"\n\t\t     title=\"\"\n             data-src=\"http:\/\/www.leioasbt.com\/wp-content\/argazkiak\/temporada2011-2012\/iniciacion_txomin.jpg\"\n             data-thumbnail=\"http:\/\/www.leioasbt.com\/wp-content\/argazkiak\/temporada2011-2012\/thumbs\/thumbs_iniciacion_txomin.jpg\"\n             data-image-id=\"400\"\n             data-title=\"INICIACI\u00d3N TXOMIN\"\n             data-description=\"\"\n             target='_self'\n             class=\"shutterset_80e5f528c1565ec1e6b9ab8f3126500d\">\n            <img class=\"ngg-singlepic\"\n             src=\"http:\/\/www.leioasbt.com\/wp-content\/argazkiak\/temporada2011-2012\/cache\/iniciacion_txomin.jpg-nggid03400-ngg0dyn-516x0x100-00f0w010c010r110f110r010t010.jpg\"\n             alt=\"INICIACI\u00d3N TXOMIN\"\n             title=\"INICIACI\u00d3N TXOMIN\"\n              width=\"516\"               \/>\n    \t<\/a>\n\t\t      <\/div>\n        <br \/>\n<\/p>\n<h4><center><b>ESCUELA<\/center><\/b><\/h4>\n            \n\t\t<div class=\"ngg-gallery-singlepic-image \" style=\"max-width: 516px\">\n\t\t\t    \t<a href=\"http:\/\/www.leioasbt.com\/wp-content\/argazkiak\/temporada2011-2012\/escuela.jpg\"\n\t\t     title=\"\"\n             data-src=\"http:\/\/www.leioasbt.com\/wp-content\/argazkiak\/temporada2011-2012\/escuela.jpg\"\n             data-thumbnail=\"http:\/\/www.leioasbt.com\/wp-content\/argazkiak\/temporada2011-2012\/thumbs\/thumbs_escuela.jpg\"\n             data-image-id=\"397\"\n             data-title=\"ESCUELA\"\n             data-description=\"\"\n             target='_self'\n             class=\"shutterset_8095e298ab5cfe737c1821f39d234d05\">\n            <img class=\"ngg-singlepic\"\n             src=\"http:\/\/www.leioasbt.com\/wp-content\/argazkiak\/temporada2011-2012\/cache\/escuela.jpg-nggid03397-ngg0dyn-516x0x100-00f0w010c010r110f110r010t010.jpg\"\n             alt=\"ESCUELA\"\n             title=\"ESCUELA\"\n              width=\"516\"               \/>\n    \t<\/a>\n\t\t      <\/div>\n        \n<table id=\"tablaPlantilla\">\n<thead>\n<tr>\n<td width=\"50px;\"><\/td>\n<td><\/td>\n<td width=\"50px;\"><\/td>\n<td><\/td>\n<\/tr>\n<\/thead>\n<tbody>\n<tr>\n<td style=\"text-align: right;\">&nbsp;<\/td>\n<td>IZARO BAEZ<\/td>\n<td style=\"text-align: right;\">&nbsp;<\/td>\n<td>NAIA OLABARRIETA<\/td>\n<\/tr>\n<tr>\n<td style=\"text-align: right;\">&nbsp;<\/td>\n<td>EKAITZ DE LA CRUZ<\/td>\n<td style=\"text-align: right;\">&nbsp;<\/td>\n<td>TXABER ORTIZ<\/td>\n<\/tr>\n<tr>\n<td style=\"text-align: right;\">&nbsp;<\/td>\n<td>OIER DOM\u00cdNGUEZ<\/td>\n<td style=\"text-align: right;\">&nbsp;<\/td>\n<td>IRAIA REYES<\/td>\n<\/tr>\n<tr>\n<td style=\"text-align: right;\">&nbsp;<\/td>\n<td>XABI ELGEZABAL<\/td>\n<td style=\"text-align: right;\">&nbsp;<\/td>\n<td>EKAIN TELLITU<\/td>\n<\/tr>\n<tr>\n<td style=\"text-align: right;\">&nbsp;<\/td>\n<td>DAVID L\u00d3PEZ<\/td>\n<td style=\"text-align: right;\">&nbsp;<\/td>\n<td>OIHAN UDONDO<\/td>\n<\/tr>\n<tr>\n<td style=\"text-align: right;\">&nbsp;<\/td>\n<td>UNAI MART\u00cdN<\/td>\n<td style=\"text-align: right;\">&nbsp;<\/td>\n<td>ALBERTO ZARZUELO<\/td>\n<\/tr>\n<tr>\n<td style=\"text-align: right;\">&nbsp;<\/td>\n<td>I\u00d1IGO MART\u00cdNEZ<\/td>\n<td style=\"text-align: right;\">&nbsp;<\/td>\n<td>&nbsp;<\/td>\n<\/tr>\n<tr>\n<td colspan=\"4\">&nbsp;<\/td>\n<\/tr>\n<tr>\n<td style=\"text-align: right;\">E<\/td>\n<td colspan=\"3\">IKER SALAZAR<\/td>\n<\/tr>\n<\/tbody>\n<\/table>\n","protected":false},"excerpt":{"rendered":"<p>INFANTIL MASCULINO LEIOA IRLANDESAS 4 GORKA ATXALANDABASO 10 ASIER V\u00c1ZQUEZ 5 ASIER HUEBRA 12 OSOITZ MART\u00cdNEZ 6 IVAN IGLESIAS 13 ASIER CANCELO 7 ENEKO PEREZ 14 IKER MATA 9 ANDONI MENDEZ 15 ASIER COSTA E JES\u00daS G\u00d3MEZ PREINFANTIL MASCULINO LEIOA SBT 4 GAIZKA GARCIA 13 ARITZA MORENO 7 ASIER FUENTES 14 MIKEL ALDA 8 ENEKO [&hellip;]<\/p>\n","protected":false},"author":2,"featured_media":0,"parent":6744,"menu_order":0,"comment_status":"closed","ping_status":"closed","template":"","meta":{"ngg_post_thumbnail":0},"_links":{"self":[{"href":"http:\/\/www.leioasbt.com\/index.php?rest_route=\/wp\/v2\/pages\/6748"}],"collection":[{"href":"http:\/\/www.leioasbt.com\/index.php?rest_route=\/wp\/v2\/pages"}],"about":[{"href":"http:\/\/www.leioasbt.com\/index.php?rest_route=\/wp\/v2\/types\/page"}],"author":[{"embeddable":true,"href":"http:\/\/www.leioasbt.com\/index.php?rest_route=\/wp\/v2\/users\/2"}],"replies":[{"embeddable":true,"href":"http:\/\/www.leioasbt.com\/index.php?rest_route=%2Fwp%2Fv2%2Fcomments&post=6748"}],"version-history":[{"count":5,"href":"http:\/\/www.leioasbt.com\/index.php?rest_route=\/wp\/v2\/pages\/6748\/revisions"}],"predecessor-version":[{"id":6814,"href":"http:\/\/www.leioasbt.com\/index.php?rest_route=\/wp\/v2\/pages\/6748\/revisions\/6814"}],"up":[{"embeddable":true,"href":"http:\/\/www.leioasbt.com\/index.php?rest_route=\/wp\/v2\/pages\/6744"}],"wp:attachment":[{"href":"http:\/\/www.leioasbt.com\/index.php?rest_route=%2Fwp%2Fv2%2Fmedia&parent=6748"}],"curies":[{"name":"wp","href":"https:\/\/api.w.org\/{rel}","templated":true}]}}