{"id":8186,"date":"2013-02-04T16:33:51","date_gmt":"2013-02-04T14:33:51","guid":{"rendered":"http:\/\/www.leioasbt.com\/?page_id=8186"},"modified":"2015-02-10T11:44:14","modified_gmt":"2015-02-10T09:44:14","slug":"campana-abonadosas-2013","status":"publish","type":"page","link":"http:\/\/www.leioasbt.com\/?page_id=8186","title":{"rendered":"Campa\u00f1a abonados\/as 2015"},"content":{"rendered":"<p>Se ha puesto en marcha la campa\u00f1a de abonados\/as del 2015, con la intenci\u00f3n de aumentar nuestra masa social. Hasta ahora cont\u00e1bamos con socios (jugadores y entrenadores\/as), pero queremos abrirnos al pueblo, a las familias, a los comercios y a cualquiera que quiera impulsar y ayudar al baloncesto en Leioa. Para ello damos la posibilidad de hacerse abonados\/as del club tanto a personas, como a comercios por 50\u20ac anuales. Toda nuesta masa social, tanto socios como abonados, recibir\u00e1n un carn\u00e9 como este, que ha sido dise\u00f1ado por Mikel L\u00f3pez:<\/p>\n<p><img class=\"alignleft size-full wp-image-8136\" src=\"http:\/\/www.leioasbt.com\/wp-content\/uploads\/2015_02_10_carnet-socio.png\" alt=\"\" height=\"150px;\" \/><img class=\"alignright size-full wp-image-8137\" src=\"http:\/\/www.leioasbt.com\/wp-content\/uploads\/2015_02_10_carnet-abonado_01.png\" alt=\"\" height=\"150px;\" \/><\/p>\n<h2 style=\"text-align: center;\"><span style=\"color: #008000;\">\u00a1HAZTE ABONADO\/A! <\/span><\/h2>\n<ul>\n<li>\n<p style=\"text-align: left;\"><strong>Personas f\u00edsicas:<\/strong> <a href=\"http:\/\/www.leioasbt.com\/?page_id=8221\">Online <\/a>\/ <a href=\"http:\/\/www.leioasbt.com\/wp-content\/uploads\/Egin-zaitez-harpidedun_Hazte-abonado_2012.pdf\" target=\"_blank\">Descargar inscripci\u00f3n abonados<\/a><\/p>\n<\/li>\n<li><strong>Comercios:<\/strong> <a href=\"http:\/\/www.leioasbt.com\/?page_id=8221\">Online<\/a> \/ <a href=\"http:\/\/www.leioasbt.com\/wp-content\/uploads\/Inscripci%C3%B3n_abonados_comercios.pdf\" target=\"_blank\">Descargar inscripci\u00f3n comercios abonados<\/a> \/ <a href=\"http:\/\/www.leioasbt.com\/wp-content\/uploads\/Oferta_abonados_comercios.pdf\" target=\"_blank\">Descargar ventajas para comercios<\/a><\/li>\n<\/ul>\n<p style=\"text-align: justify;\">Muchas personas y comercios ya se han hecho abonados, y disfrutan de innumerables ventajas y descuentos, adem\u00e1s de ayudar al club a crecer. Aqu\u00ed puedes ver un listado de los comercios colaboradores con el club hasta el momento:<\/p>\n<p style=\"text-align: center;\"><a href=\"http:\/\/www.leioasbt.com\/?page_id=8260\" target=\"_self\">COMERCIOS COLABORADORES<\/a><\/p>\n<p>Ense\u00f1ando este carn\u00e9 junto a tu DNI podr\u00e1s disfrutar de muchas ventajas en distintos comercios de Leioa (el carnet es nominal). Estamos empezando poco a poco y esperamos poder publicar m\u00e1s ventajas en los pr\u00f3ximos d\u00edas.<\/p>\n<table id=\"tablaDirectiva\">\n<tbody>\n<tr>\n<td width=\"260px;\"><a href=\"http:\/\/aitorkirolak.blogspot.com.es\/\" target=\"_blank\"><img loading=\"lazy\" class=\"aligncenter size-medium wp-image-8187\" src=\"http:\/\/www.leioasbt.com\/wp-content\/uploads\/Aitor-Kirolak_logo.png\" alt=\"\" width=\"300\" height=\"140\" \/><\/a><\/td>\n<td style=\"text-align: center;\">Tienda de deportes.<br \/>\n<strong>\u00bfD\u00f3nde puedo encontrarla?<\/strong><br \/>\nC\/Iparraguirre 74<\/p>\n<p style=\"text-align: center;\"><span style=\"color: #008000;\"><strong>  DESCUENTOS en Zapatillas de Baloncesto otros art\u00edculos<br \/>\n<\/strong><\/span><\/p>\n<\/td>\n<\/tr>\n<tr>\n<td width=\"260px;\"><a href=\"http:\/\/www.ofimavi.com\/\" target=\"_blank\"><img loading=\"lazy\" class=\"aligncenter size-medium wp-image-8187\" src=\"http:\/\/www.leioasbt.com\/wp-content\/uploads\/Ofimavi.jpg\" alt=\"\" width=\"300\" height=\"140\" \/><\/a><\/td>\n<td style=\"text-align: center;\">Mantenimiento y reparaci\u00f3n de ordenadores e impresoras, venta de equipos inform\u00e1ticos, impresoras, consumible, \u2026y liberaci\u00f3n y venta de m\u00f3viles.<br \/>\n<strong>\u00bfD\u00f3nde puedo encontrarla?<\/strong><br \/>\nSabino Arana Hiribidea, 67<\/p>\n<p style=\"text-align: center;\"><span style=\"color: #008000;\"><strong>10% DE DESCUENTO <\/strong><\/span><\/p>\n<p>(no acumulable a promociones y ofertas)<\/td>\n<\/tr>\n<tr>\n<td width=\"260px;\"><a href=\"http:\/\/www.jeanpaul.es\/\" target=\"_blank\"><img loading=\"lazy\" class=\"aligncenter size-medium wp-image-8187\" src=\"http:\/\/www.leioasbt.com\/wp-content\/uploads\/Jean-paul_Logo-300x140.jpg\" alt=\"\" width=\"300\" height=\"140\" srcset=\"http:\/\/www.leioasbt.com\/wp-content\/uploads\/Jean-paul_Logo-300x140.jpg 300w, http:\/\/www.leioasbt.com\/wp-content\/uploads\/Jean-paul_Logo-1024x478.jpg 1024w, http:\/\/www.leioasbt.com\/wp-content\/uploads\/Jean-paul_Logo.jpg 1667w\" sizes=\"(max-width: 300px) 100vw, 300px\" \/><\/a><\/td>\n<td style=\"text-align: center;\">Tienda con experiencia en el mundo del calzado, la piel y la moda.<br \/>\n<strong>\u00bfD\u00f3nde puedo encontrarla?<\/strong><br \/>\nDr. Lu\u00eds Bilbao L\u00edbano 19-21<\/p>\n<p style=\"text-align: center;\"><span style=\"color: #008000;\"><strong>Descuento del importe del IVA (21%). No acumulable a otras ofertas <\/strong><\/span><\/p>\n<\/td>\n<\/tr>\n<tr>\n<td width=\"260px;\"><a href=\"http:\/\/www.d-pilate.com\/\" target=\"_blank\"><img loading=\"lazy\" class=\"aligncenter size-medium wp-image-8187\" src=\"http:\/\/www.leioasbt.com\/wp-content\/uploads\/D-Beauty_logo.jpg\" alt=\"\" width=\"300\" height=\"140\" \/><\/a><\/td>\n<td style=\"text-align: center;\">Centro especializado en fototerapias, remodelaci\u00f3n corporal, manicuras y pedicuras<br \/>\n<strong>\u00bfD\u00f3nde puedo encontrarla?<\/strong><br \/>\nC\/Luis Bilbao Libano, 4<\/p>\n<p style=\"text-align: center;\"><span style=\"color: #008000;\"><strong>10% DE DESCUENTO <\/strong><\/span><\/p>\n<\/td>\n<\/tr>\n<tr>\n<td width=\"260px;\"><a href=\"http:\/\/www.bilbaobasket.biz\/1\/es-ES\/Portada\/1\/\" target=\"_blank\"><img loading=\"lazy\" class=\"aligncenter size-medium wp-image-8187\" src=\"http:\/\/www.leioasbt.com\/wp-content\/uploads\/UBB_logo.png\" alt=\"\" width=\"300\" height=\"140\" \/><\/a><\/td>\n<td style=\"text-align: center;\">Leioa SBT tiene un acuerdo de colaboraci\u00f3n con la Fundaci\u00f3n Bilbao Basket, y debido a ello contamos con ventajas y promociones exclusivas.<\/p>\n<p style=\"text-align: center;\"><span style=\"color: #008000;\"><strong>Precios especiales en abonos de temporada, playoff, Eurocup y entradas para partidos <\/strong><\/span><\/p>\n<\/td>\n<\/tr>\n<tr>\n<td width=\"260px;\"><img loading=\"lazy\" class=\"aligncenter size-medium wp-image-8187\" src=\"http:\/\/www.leioasbt.com\/wp-content\/uploads\/Campus_SASKI-LEIOA_Kanpusa.png\" alt=\"\" width=\"300\" height=\"140\" \/><\/td>\n<td style=\"text-align: center;\">Leioa SBT organiza el  campus de Baloncesto  SASKI LEIOA(Navidades y verano) para ni\u00f1os\/as de entre 6 y 16 a\u00f1os.<\/p>\n<p style=\"text-align: center;\"><span style=\"color: #008000;\"><strong>Precios especiales para los campus Saski Leioa de Verano y Navidad<\/strong><\/span><\/p>\n<\/td>\n<\/tr>\n<tr>\n<td width=\"260px;\"><img loading=\"lazy\" class=\"aligncenter size-medium wp-image-8187\" src=\"http:\/\/www.leioasbt.com\/wp-content\/uploads\/Nautalia-001-logo.jpeg\" alt=\"\" width=\"300\" height=\"140\" \/><\/td>\n<td style=\"text-align: center;\">Agencia de viajes.<br \/>\n<strong> \u00bfDonde puedo encontrarla?<\/strong> Estartetxe Kalea, 5<br \/>\nTel.: 946 416 586<\/p>\n<p style=\"text-align: center;\"><span style=\"color: #008000;\"><strong>Ventajas exclusivas (<a href=\"http:\/\/www.leioasbt.com\/wp-content\/uploads\/Acuerdo-Nautalia-Leioa-SBT.pdf \">ver<\/a>) para socios\/as y abonados\/as <\/strong><\/span><\/p>\n<\/td>\n<\/tr>\n<tr>\n<td width=\"260px;\"><img loading=\"lazy\" class=\"aligncenter size-medium wp-image-8187\" src=\"http:\/\/www.leioasbt.com\/wp-content\/uploads\/20130711_TARJETA-VISITA-CASA-LOS-MONTEROS.png\" alt=\"\" width=\"300\" height=\"140\" \/><\/td>\n<td style=\"text-align: center;\">Casa Rural<br \/>\n<strong> \u00bfDonde puedo encontrarla?<\/strong><\/p>\n<p><strong> <\/strong><strong>Casa Rural de 10 plazas, situada en Espinosa de los Monteros, provincia de Burgos<\/strong><\/p>\n<p><strong> <\/strong><\/p>\n<p><strong> <\/strong><\/p>\n<p><strong> <\/strong><\/p>\n<p><strong> <\/strong><\/p>\n<p><strong> <\/strong><\/p>\n<p><strong> <\/strong><\/p>\n<p><strong><\/p>\n<p style=\"font-weight: bold;\">\n<p style=\"text-align: center;\"><span style=\"color: #008000;\"><strong>10% de descuentos sobre los precios que aparecen en su <a href=\"http:\/\/www.casalosmonteros.es\/\">web <\/a><\/strong><\/span><\/p>\n<p><strong> <\/strong><strong>Casa Rural de 10 plazas, situada en Espinosa de los Monteros, provincia de Burgos<\/strong><\/p>\n<p><\/strong><strong> <\/strong><strong> <\/strong><strong> <\/strong><strong> <\/strong><strong> <\/strong><\/td>\n<\/tr>\n<tr>\n<td width=\"260px;\"><a href=\"http:\/\/www.bicimarket.com\/\"><img class=\"alignnone size-large wp-image-10211\" src=\"http:\/\/www.leioasbt.com\/wp-content\/uploads\/Bicimarket_logo-1024x204.jpg\" alt=\"\" width=\"300\" srcset=\"http:\/\/www.leioasbt.com\/wp-content\/uploads\/Bicimarket_logo-1024x204.jpg 1024w, http:\/\/www.leioasbt.com\/wp-content\/uploads\/Bicimarket_logo-300x59.jpg 300w, http:\/\/www.leioasbt.com\/wp-content\/uploads\/Bicimarket_logo.jpg 1297w\" sizes=\"(max-width: 1024px) 100vw, 1024px\" \/><\/a><\/td>\n<td style=\"text-align: center;\">Servicio de venta, alquiler y reparaci\u00f3n de bicicletas<br \/>\n<strong> \u00bfDonde puedo encontrarla?<\/strong><\/p>\n<p><strong> <\/strong>Elexalde, 28 (Leioa). Telf: 658.719.424 Email: leioa@bicimarket.com<\/p>\n<ul>\n<li style=\"text-align: left;\"><span style=\"color: #008000;\"><strong>15 % descuento mano de obra taller.<\/strong><\/span><\/li>\n<li style=\"text-align: left;\"><span style=\"color: #008000;\"><strong>5 % en compra de bicicletas<\/strong><\/span><\/li>\n<li style=\"text-align: left;\"><span style=\"color: #008000;\"><strong>10 % en otros art\u00edculos&amp;accesorios.<\/strong><\/span><\/li>\n<\/ul>\n<p>Visita su web: <a href=\"http:\/\/www.bicimarket.com\/\" target=\"_blank\">http:\/\/www.bicimarket.com<\/a><\/p>\n<p><strong> <\/strong><strong> <\/strong><strong> <\/strong><strong> <\/strong><strong> <\/strong><\/td>\n<\/td>\n<\/tr>\n<tr>\n<td width=\"260px;\"><a href=\"http:\/\/www.50test.com\/LEIOA.htm\/\" target=\"_blank\"><img loading=\"lazy\" class=\"aligncenter size-medium wp-image-8187\" src=\"http:\/\/www.leioasbt.com\/wp-content\/uploads\/20130711_Auto-escuela-Leioa.png\" alt=\"\" width=\"300\" height=\"140\" \/><\/a><\/td>\n<td style=\"text-align: center;\">Autoescuela<br \/>\n<strong>\u00bfD\u00f3nde puedo encontrarla?<\/strong><br \/>\nSabino Arana, 80 <\/p>\n<p style=\"text-align: center;\"><span style=\"color: #008000;\"><strong><strong>Matr\u00edcula GRATIS<\/strong><br \/>\n<\/tr>\n<\/tbody>\n<\/table>\n","protected":false},"excerpt":{"rendered":"<p>Se ha puesto en marcha la campa\u00f1a de abonados\/as del 2015, con la intenci\u00f3n de aumentar nuestra masa social. Hasta ahora cont\u00e1bamos con socios (jugadores y entrenadores\/as), pero queremos abrirnos al pueblo, a las familias, a los comercios y a cualquiera que quiera impulsar y ayudar al baloncesto en Leioa. Para ello damos la posibilidad [&hellip;]<\/p>\n","protected":false},"author":6,"featured_media":0,"parent":0,"menu_order":0,"comment_status":"open","ping_status":"closed","template":"","meta":{"ngg_post_thumbnail":0},"_links":{"self":[{"href":"http:\/\/www.leioasbt.com\/index.php?rest_route=\/wp\/v2\/pages\/8186"}],"collection":[{"href":"http:\/\/www.leioasbt.com\/index.php?rest_route=\/wp\/v2\/pages"}],"about":[{"href":"http:\/\/www.leioasbt.com\/index.php?rest_route=\/wp\/v2\/types\/page"}],"author":[{"embeddable":true,"href":"http:\/\/www.leioasbt.com\/index.php?rest_route=\/wp\/v2\/users\/6"}],"replies":[{"embeddable":true,"href":"http:\/\/www.leioasbt.com\/index.php?rest_route=%2Fwp%2Fv2%2Fcomments&post=8186"}],"version-history":[{"count":96,"href":"http:\/\/www.leioasbt.com\/index.php?rest_route=\/wp\/v2\/pages\/8186\/revisions"}],"predecessor-version":[{"id":8359,"href":"http:\/\/www.leioasbt.com\/index.php?rest_route=\/wp\/v2\/pages\/8186\/revisions\/8359"}],"wp:attachment":[{"href":"http:\/\/www.leioasbt.com\/index.php?rest_route=%2Fwp%2Fv2%2Fmedia&parent=8186"}],"curies":[{"name":"wp","href":"https:\/\/api.w.org\/{rel}","templated":true}]}}